{"id":9,"date":"2017-01-27T13:37:14","date_gmt":"2017-01-27T12:37:14","guid":{"rendered":"http:\/\/www.marissacalbet.com\/?page_id=9"},"modified":"2022-11-12T12:50:08","modified_gmt":"2022-11-12T11:50:08","slug":"bio","status":"publish","type":"page","link":"https:\/\/www.marissacalbet.com\/es\/bio\/","title":{"rendered":"Bio"},"content":{"rendered":"<p>Nacida en Reus en 1963, vive la juventud en Tarragona, los a\u00f1os universitarios en Barcelona y desde hace 17 a\u00f1os en Cambrils, donde tiene tambi\u00e9n su estudio de pintura.<\/p>\n<p>Es lincenciada en Derecho por la Universidad de Barcelona y m\u00e1ster en Derecho Fiscal, pero su especial admiraci\u00f3n hacia las artes pl\u00e1sticas se convierte, poco a poco, en una necesidad vital de expresar su creatividad interior, y comienza a pintar en el a\u00f1o 2005. En la actualidad comparte su trabajo con la pintura.<\/p>\n<p>Es miembro activo de l\u2019Acad\u00e9mie Arts-Sciences-Lettres de Par\u00eds y artista de la Soci\u00e9t\u00e9 des Artistes Ind\u00e9pendants de Francia.<\/p>\n<p>Los premios m\u00e1s importantes obtenidos por la pintora son el Primer Premio de Pintura-Medalla de Oro en la X Edici\u00f3n de la Florence Biennale en el a\u00f1o 2015, en dos ocasiones por la Acad\u00e9mie Arts-Sciences-Lettres de Par\u00eds por su obra y trayectoria (los a\u00f1os 2015 y 2012), y el Segundo Premio de Pintura en el Moya Museum of Young Art de Viena en la International Contemporary Art Exhibition en el a\u00f1o 2014.<\/p>\n<p>El Instituto Ramon Llull ha valorado su trayectoria y ha colaborado en la difusi\u00f3n de su obra al exterior.<\/p>\n<p>B\u00e1sicamente autodidacta y con una especial atenci\u00f3n en los \u00f3leos trabajados con esp\u00e1tula, sus cuadros descubren veleros atrapados en la niebla, barcos que se mueven al comp\u00e1s de aguas en ocasiones tranquilas y en otras tumultuosas y bravas, cielos tormentosos, lagos cubiertos de calma, reflejos en el agua, suaves paisajes de invierno, rom\u00e1nticos paisajes de primavera, caminos entre \u00e1rboles que invitan a entrar y pasear\u2026 creando una atm\u00f3sfera de t\u00edmida sonoridad.<\/p>\n<p>Marissa desdibuja suavemente los contornos y bajo un juego de texturas, propone un estilo singular, desde donde se puede ver el mundo detr\u00e1s de un velo de niebla, invitando al espectador a entrar en su obra, al mismo tiempo real e imaginaria\u2026 y, al final, atraparlo en este entorno.<\/p>","protected":false},"excerpt":{"rendered":"<p>Nacida en Reus en 1963, vive la juventud en Tarragona, los a\u00f1os universitarios en Barcelona y desde hace 17 a\u00f1os en Cambrils, donde tiene tambi\u00e9n su estudio de pintura. Es lincenciada en Derecho por la Universidad de Barcelona y m\u00e1ster en Derecho Fiscal, pero su especial admiraci\u00f3n hacia las artes pl\u00e1sticas se convierte, poco a [&hellip;]<\/p>\n","protected":false},"author":1,"featured_media":77,"parent":0,"menu_order":0,"comment_status":"closed","ping_status":"closed","template":"page-bio.php","meta":[],"acf":[],"_links":{"self":[{"href":"https:\/\/www.marissacalbet.com\/es\/wp-json\/wp\/v2\/pages\/9"}],"collection":[{"href":"https:\/\/www.marissacalbet.com\/es\/wp-json\/wp\/v2\/pages"}],"about":[{"href":"https:\/\/www.marissacalbet.com\/es\/wp-json\/wp\/v2\/types\/page"}],"author":[{"embeddable":true,"href":"https:\/\/www.marissacalbet.com\/es\/wp-json\/wp\/v2\/users\/1"}],"replies":[{"embeddable":true,"href":"https:\/\/www.marissacalbet.com\/es\/wp-json\/wp\/v2\/comments?post=9"}],"version-history":[{"count":24,"href":"https:\/\/www.marissacalbet.com\/es\/wp-json\/wp\/v2\/pages\/9\/revisions"}],"predecessor-version":[{"id":439,"href":"https:\/\/www.marissacalbet.com\/es\/wp-json\/wp\/v2\/pages\/9\/revisions\/439"}],"wp:featuredmedia":[{"embeddable":true,"href":"https:\/\/www.marissacalbet.com\/es\/wp-json\/wp\/v2\/media\/77"}],"wp:attachment":[{"href":"https:\/\/www.marissacalbet.com\/es\/wp-json\/wp\/v2\/media?parent=9"}],"curies":[{"name":"wp","href":"https:\/\/api.w.org\/{rel}","templated":true}]}}